{"id":24,"date":"2022-11-01T17:02:41","date_gmt":"2022-11-01T16:02:41","guid":{"rendered":"http:\/\/nadege-dauvergne.art\/blog\/?page_id=24"},"modified":"2025-08-12T10:45:29","modified_gmt":"2025-08-12T08:45:29","slug":"biographie-2","status":"publish","type":"page","link":"https:\/\/nadege-dauvergne.art\/blog\/biographie-2\/","title":{"rendered":"Biographie"},"content":{"rendered":"\n<p><\/p>\n\n\n\n<p class=\"has-text-align-left\">Nad\u00e8ge Dauvergne est n\u00e9e en 1973, \u00e0 Ouagadougou, puis a grandi en banlieue parisienne. Apr\u00e8s un cursus artistique en arts graphiques puis beaux-arts elle se pose en Picardie, dans l\u2019Oise o\u00f9 elle vit depuis 1998.<\/p>\n\n\n\n<p class=\"has-text-align-left\">Depuis toujours elle dessine, avec facilit\u00e9, et cela l\u2019accapare compl\u00e8tement. La nature, qui est sa premi\u00e8re source d\u2019inspiration lui donne envie de comprendre en profondeur ce qu\u2019elle observe. Et c\u2019est en toute logique qu\u2019apr\u00e8s ses \u00e9tudes artistiques elle prendra des cours de dessin scientifique. Plus tard, ses sujets vont se diversifier mais celui de la nature reviendra toujours en pointill\u00e9 sur son chemin.<\/p>\n\n\n\n<p class=\"has-text-align-left\">Tr\u00e8s vite elle ma\u00eetrise de nombreuses techniques, de la peinture \u00e0 l\u2019huile jusqu\u2019\u00e0 la bombe a\u00e9rosol. Mais son choix va bient\u00f4t se cristalliser autour d\u2019une mani\u00e8re de dessiner, qu\u2019elle d\u00e9couvre par manque de couleurs et qui est celle du m\u00e9lange optique. Alliant rigueur du dessin et connaissance chromatique, chaque \u0153uvre cr\u00e9e ainsi, sur petit ou g\u00e9ant format est une v\u00e9ritable prouesse. Cette technique qu\u2019elle d\u00e9veloppe, elle l\u2019abordera par une succession de hachures color\u00e9es qui finiront par se combiner dans l\u2019\u0153il du spectateur, proposant plusieurs niveaux de lecture. De loin, une couleur vibrante et lumineuse s\u2019observe et c\u2019est en se rapprochant jusque dans le d\u00e9tail que la palette se divise pour d\u00e9voiler chaque couleur qui la compose.<\/p>\n\n\n\n<p class=\"has-text-align-left\">On comprend imm\u00e9diatement le degr\u00e9 de ma\u00eetrise qu\u2019elle met dans cette pratique, exigeante jusqu\u2019aux derniers traits et qui viendra contraster avec les th\u00e8mes qu\u2019elle abordera, teint\u00e9s de douceur et de l\u00e9g\u00e8ret\u00e9. Et les oppos\u00e9s c\u2019est ce qu\u2019elle recherche, r\u00e9unir le pr\u00e9cieux et le trivial, la vie sauvage et la ville ou une d\u00e9licate figure classique sur un mur surcharg\u00e9 de tags.<\/p>\n\n\n\n<p class=\"has-text-align-left\">En bonne h\u00e9riti\u00e8re d\u2019une histoire de l\u2019image, elle joue avec les courants artistiques et les \u00e9poques pour mieux s\u2019inscrire dans la sienne. \u00c0 coup d\u2019associations d\u2019id\u00e9es et de d\u00e9tournements elle brasse les images et les contextes. Et pour servir ses r\u00e9cits, elle cherche le pas de c\u00f4t\u00e9 pour mieux nous apporter sa vision.<\/p>\n\n\n\n<p class=\"has-text-align-left\">Les dessins de Nad\u00e8ge Dauvergne sont un enchev\u00eatrement de p\u00e9riodes et de touches, un tissage d\u2019histoires qui nous parle du temps, de celui qu\u2019il faut pour qu\u2019\u0153uvre se fasse, pour elle-m\u00eame et dans sa filiation.<\/p>\n\n\n\n<p class=\"has-text-align-left\">Alors o\u00f9 peut-on voir ses cr\u00e9ations&nbsp;?<\/p>\n\n\n\n<p class=\"has-text-align-left\">Au d\u00e9tour d\u2019une rue, sur une fa\u00e7ade en ville, lors d\u2019une exposition en galerie ou d\u2019un festival. Mais aussi au mus\u00e9e. Son \u0153uvre se d\u00e9ploie en atelier ou dans la rue, de mani\u00e8re autoris\u00e9e&#8230; ou non.<\/p>\n\n\n\n\n<div class=\"wp-block-image is-style-default\">\n<figure class=\"aligncenter size-full is-resized\"><img loading=\"lazy\" decoding=\"async\" width=\"709\" height=\"945\" src=\"https:\/\/nadege-dauvergne.art\/blog\/wp-content\/uploads\/2021\/09\/En-2Bpied.jpg\" alt=\"\" class=\"wp-image-262\" style=\"width:355px;height:473px\" srcset=\"https:\/\/nadege-dauvergne.art\/blog\/wp-content\/uploads\/2021\/09\/En-2Bpied.jpg 709w, https:\/\/nadege-dauvergne.art\/blog\/wp-content\/uploads\/2021\/09\/En-2Bpied-225x300.jpg 225w\" sizes=\"auto, (max-width: 709px) 100vw, 709px\" \/><\/figure>\n<\/div>\n\n\n\n\n<div class=\"wp-block-group is-vertical is-content-justification-left is-layout-flex wp-container-core-group-is-layout-c0ca7d81 wp-block-group-is-layout-flex\">\n<p><a rel=\"noreferrer noopener\" href=\"https:\/\/www.lecabinetdamateur.com\/\" target=\"_blank\"><strong>Galerie Le cabinet d&rsquo;amateur<\/strong><\/a><\/p>\n\n\n\n<p><a rel=\"noreferrer noopener\" href=\"http:\/\/www.artfontainebleau.net\/\" target=\"_blank\"><strong>Galerie artFontainebleau<\/strong><\/a><\/p>\n<\/div>\n\n\n\n<div style=\"height:30px\" aria-hidden=\"true\" class=\"wp-block-spacer\"><\/div>\n\n\n\n<h1 class=\"wp-block-heading\">Expositions \/ \u00c9v\u00e8nements<\/h1>\n\n\n\n<div class=\"wp-block-group\"><div class=\"wp-block-group__inner-container is-layout-constrained wp-block-group-is-layout-constrained\">\n<p><strong>2025<\/strong><\/p>\n\n\n\n<ul class=\"wp-block-list\">\n<li>Foire <strong>District 13<\/strong> <strong>Art Fair<\/strong><\/li>\n\n\n\n<li>Fresque pour les <strong><a href=\"https:\/\/nadege-dauvergne.art\/blog\/2025\/03\/une-paonne-pour-feter-lart-deco\/\">100 ans de l&rsquo;Art d\u00e9co<\/a><\/strong>, Reims<\/li>\n\n\n\n<li>Fresque pour le<strong> <a href=\"https:\/\/nadege-dauvergne.art\/blog\/2025\/07\/au-bord-du-canal-a-vilvord\/\">Parcours Street Art<\/a><\/strong>, Bruxelles\/Vilvorde<\/li>\n\n\n\n<li>Fresque <strong><a href=\"https:\/\/nadege-dauvergne.art\/blog\/2025\/05\/fresque-xxl-a-fontainebleau\/\">Napol\u00e9on<\/a><\/strong>, Fontainebleau<\/li>\n\n\n\n<li>Fresque <strong><a href=\"https:\/\/nadege-dauvergne.art\/blog\/2025\/05\/coquillages-a-andeville-dans-loise\/\">Coquillages<\/a><\/strong>, Andeville<\/li>\n\n\n\n<li>Fresque pour le <strong><a href=\"https:\/\/nadege-dauvergne.art\/blog\/2025\/06\/festival-port-de-bouc\/\">Festival Les nouveaux Ateliers<\/a><\/strong>, Port-de-Bouc<\/li>\n\n\n\n<li>Fresque pour le <strong><a href=\"https:\/\/nadege-dauvergne.art\/blog\/2025\/06\/festival-les-petits-bonheurs\/\">Festival Les Petits Bonheurs<\/a><\/strong>, Annequin<\/li>\n\n\n\n<li>Fresque pour <strong><a href=\"https:\/\/nadege-dauvergne.art\/blog\/2025\/07\/fresque-a-velaux\/\">Plan\u00e8te \u00c9mergences<\/a><\/strong>, Velaux<\/li>\n<\/ul>\n\n\n\n<p><\/p>\n\n\n\n<p><\/p>\n\n\n\n<p><\/p>\n\n\n\n<p><strong>2024<\/strong><\/p>\n\n\n\n<ul class=\"wp-block-list\">\n<li><strong>Le M.U.R<\/strong> Oberkampf, Paris<\/li>\n\n\n\n<li>Exposition collective <strong>\u00ab\u00a0CHLOROPHYLLE\u00a0\u00bb<\/strong>, Sucy-en-Brie<\/li>\n\n\n\n<li>Fresque pour <strong>Le M.U.R<\/strong> d&rsquo;\u00c9pinal<\/li>\n\n\n\n<li>Fresque cabine <strong>MOLITOR<\/strong><\/li>\n\n\n\n<li>Exposition collective \u00ab\u00a0<strong>De mains de ma\u00eetres<\/strong>\u00ab\u00a0, galerie Le cabinet d\u2019amateur, Paris 11e<\/li>\n\n\n\n<li>Exposition collective <strong>Festival des Arts<\/strong> de Lamorlaye<\/li>\n\n\n\n<li>Festival \u00ab\u00a0<strong>De l&rsquo;Art et du Cochon<\/strong>\u00ab\u00a0, Vivoin, Sarthe<\/li>\n\n\n\n<li>Exposition collective \u00ab\u00a0<strong>Tout va bien<\/strong>\u00ab\u00a0, galerie Chenu Longhi, Paris 11e,<\/li>\n\n\n\n<li>Fresques pour \u00ab\u00a0<strong>La f\u00eate de la Nature<\/strong>\u00ab\u00a0, avec la SFEPM, Jardin des Plantes, Paris<\/li>\n\n\n\n<li>Fresque pour <strong>Mast&rsquo;<\/strong>, pizzeria, Paris 11e<\/li>\n\n\n\n<li>Fresque pour \u00ab\u00a0<strong>Murs en Seine<\/strong>\u00ab\u00a0, Nogent-sur-Seine, Aube<\/li>\n\n\n\n<li>Festival \u00ab\u00a0<strong>Art et Jazz dans ma cour #7<\/strong>\u00ab\u00a0, Hermonville, Marne<\/li>\n\n\n\n<li>Festival \u00ab\u00a0<strong>Shake Art<\/strong>\u00ab\u00a0, Saint-Brieuc, Bretagne<\/li>\n\n\n\n<li>Fresque pour <strong>Le M.U.R<\/strong> d&rsquo;Orl\u00e9ans<\/li>\n\n\n\n<li>Fresque pour \u00ab\u00a0<strong>Les Sentiers des Arts<\/strong>\u00a0\u00bb \u00e0 Reignac<\/li>\n\n\n\n<li>Fresque \u00ab\u00a0<strong>Madame de Sta\u00ebl<\/strong>\u00ab\u00a0, Thonon-les-Bains<\/li>\n\n\n\n<li>Exposition personnelle <strong>\u00ab\u00a0Ciels !\u00a0\u00bb<\/strong>, Le cabinet d\u2019amateur, Paris 11e<\/li>\n\n\n\n<li>Fresque pour <strong>Le M.U.R de Nice<\/strong>, Lou BARI<\/li>\n<\/ul>\n\n\n\n<p><strong>2023<\/strong><\/p>\n\n\n\n<ul class=\"wp-block-list\">\n<li>Fresque pour <strong>Le M.U.R<\/strong> de Tours<\/li>\n\n\n\n<li>Collages pour le <strong>Festival Fest&rsquo;Hoche <\/strong>de N\u00eemes<\/li>\n\n\n\n<li>F\u00eate de la Nature au MNHN &#8211; avec la <strong>SFEPM<\/strong><\/li>\n\n\n\n<li>Fresque avec l&rsquo;association <strong>Popularte<\/strong>, Lozzi en Corse <\/li>\n\n\n\n<li>Festival d&rsquo;arts urbains de <strong>Grimaud<\/strong> <\/li>\n\n\n\n<li>Festival d&rsquo;arts urbains<strong> Plein Champ<\/strong> au Mans<\/li>\n\n\n\n<li>Exposition collective <strong>\u00ab\u00a0Ruades\u00a0\u00bb<\/strong> au Haras du Pin, Orne<\/li>\n\n\n\n<li>Collaboration avec <strong>la SFEPM <\/strong>(Association protection des mammif\u00e8res), Paris<\/li>\n\n\n\n<li>Festival d&rsquo;arts urbains <strong>Les Petits Bonheurs<\/strong>, B\u00e9thunes<\/li>\n\n\n\n<li>Fresques au <strong>Chant d&rsquo;Eole<\/strong>, Belgique<\/li>\n\n\n\n<li>Fresque pour <strong>Le M.U.R<\/strong> de Rennes<\/li>\n\n\n\n<li>Fresque au <strong>Jardin Arch\u00e9ologique de St-Acheul<\/strong>, Amiens<\/li>\n\n\n\n<li>Exposition personnelle \u00e0 la <strong>galerie artfontainebleau<\/strong><\/li>\n<\/ul>\n\n\n\n<p><strong>2022<\/strong><\/p>\n\n\n\n<ul class=\"wp-block-list\">\n<li>Galerie<strong> Le cabinet d\u2019amateur<\/strong>, Paris<\/li>\n\n\n\n<li>Fresque pour le <strong>Gaslini Art Project<\/strong>,  \u00e0 G\u00eanes, Italie<\/li>\n\n\n\n<li>Fresque <strong>Piscine<\/strong> de Doullens<\/li>\n\n\n\n<li>Fresque <strong>Le M.U.R <\/strong>de Reims<\/li>\n\n\n\n<li>Galerie<strong> Le cabinet d\u2019amateur<\/strong>, Paris&nbsp;<\/li>\n\n\n\n<li>Fresque <strong>L\u00e9onard (groupe Vinci)<\/strong>, Paris<\/li>\n\n\n\n<li>Fresque<strong> \u00c9cole Marie Li\u00e9tard<\/strong>, Li\u00e9vin<\/li>\n\n\n\n<li>Collaboration avec <strong>la SFEPM <\/strong>(Association protection des mammif\u00e8res), Paris<\/li>\n\n\n\n<li>Fresque \u00e0<strong> Mons<\/strong>, Belgique<\/li>\n\n\n\n<li>Fresque \u00e0<strong> Sancerre<\/strong><\/li>\n\n\n\n<li>Centre<strong> d\u2019art urbain FLUCTUART<\/strong>, Paris <\/li>\n\n\n\n<li><strong>Mus\u00e9e de la Chasse et de la Nature, <\/strong>Paris<\/li>\n\n\n\n<li>Abbaye<strong> St Riquier <\/strong><\/li>\n\n\n\n<li>Fresque <strong>Le M.U.R Bastille<\/strong>, Paris<\/li>\n\n\n\n<li>Galerie<strong> Le cabinet d\u2019amateur<\/strong>, Paris<\/li>\n\n\n\n<li>Fresque \u00e0 <strong>Li\u00e9vin<\/strong><\/li>\n<\/ul>\n\n\n\n<p><strong>2021<\/strong><\/p>\n\n\n\n<ul class=\"wp-block-list\">\n<li>Galerie<strong> artfontainebleau&nbsp;<\/strong><\/li>\n\n\n\n<li>Festival <strong>IC.ON.IC<\/strong>,<strong> <\/strong>Amiens&nbsp;<\/li>\n\n\n\n<li>Fresque <strong>Le M.U.R de Bourges&nbsp;<\/strong><\/li>\n\n\n\n<li>Festival <strong>Street art<\/strong>, Limoges<\/li>\n\n\n\n<li>Fresque \u00e0 Gien pour le<strong> 4\u00e8me Label Festival<\/strong><\/li>\n<\/ul>\n\n\n\n<p><strong>2020<\/strong><\/p>\n\n\n\n<ul class=\"wp-block-list\">\n<li>Revue <strong>Avalanche II<\/strong>,<strong> <\/strong>Amiens<\/li>\n\n\n\n<li>Galerie<strong> artfontainebleau<\/strong>&nbsp;<\/li>\n\n\n\n<li>Festival <strong>Rouen Impressionn\u00e9e&nbsp;<\/strong><\/li>\n\n\n\n<li>Festival <strong>Street art, <\/strong>Limoges<strong>&nbsp;<\/strong><\/li>\n\n\n\n<li>Centre Culturel <strong>Le Domino<\/strong>,<strong> <\/strong>M\u00e9ru<strong>&nbsp;<\/strong><\/li>\n<\/ul>\n\n\n\n<p><strong>2019<\/strong><\/p>\n\n\n\n<ul class=\"wp-block-list\">\n<li>Fresque <strong>Galerue Cascades<\/strong><\/li>\n\n\n\n<li>Galerie<strong> Le cabinet d\u2019amateur<\/strong>, Paris<\/li>\n\n\n\n<li>Galerie<strong> Le cabinet d\u2019amateur<\/strong>, Paris<\/li>\n\n\n\n<li>Festival <strong>Street art<\/strong>, Bellac<\/li>\n\n\n\n<li>Biennale de<strong> Gentilly<\/strong><\/li>\n<\/ul>\n\n\n\n<p><strong>2018<\/strong><\/p>\n\n\n\n<ul class=\"wp-block-list\">\n<li>Galerie <strong>Le cabinet d\u2019amateur<\/strong>, Paris<\/li>\n<\/ul>\n\n\n\n<p><strong>2017<\/strong><\/p>\n\n\n\n<ul class=\"wp-block-list\">\n<li>Galerie<strong> Art Bref<\/strong>, Paris<\/li>\n\n\n\n<li>Galerie <strong>Le cabinet d\u2019amateur<\/strong>, Paris<\/li>\n<\/ul>\n\n\n\n<p><strong>2016<\/strong><\/p>\n\n\n\n<ul class=\"wp-block-list\">\n<li>Galerie<strong> Le cabinet d\u2019amateur<\/strong>, Paris<\/li>\n\n\n\n<li>Artoth\u00e8que<strong> Saint-Cloud<\/strong> <\/li>\n<\/ul>\n\n\n\n<p><strong>2015<\/strong> <\/p>\n\n\n\n<ul class=\"wp-block-list\">\n<li><strong>Under construction gallery<\/strong>, Paris<\/li>\n\n\n\n<li>Galerie <strong>Le cabinet d\u2019amateur<\/strong>, Paris <\/li>\n<\/ul>\n\n\n\n<p><strong>2014<\/strong> <\/p>\n\n\n\n<ul class=\"wp-block-list\">\n<li>Galerie De l\u2019<strong>Universit\u00e9 Paris 8<\/strong>, St Denis<\/li>\n<\/ul>\n\n\n\n<p><strong>2012<\/strong><\/p>\n\n\n\n<ul class=\"wp-block-list\">\n<li>57\u00e8me <strong>Salon de Montrouge<\/strong><\/li>\n<\/ul>\n<\/div><\/div>\n\n\n\n<p><\/p>\n","protected":false},"excerpt":{"rendered":"<p>Nad\u00e8ge Dauvergne est n\u00e9e en 1973, \u00e0 Ouagadougou, puis a grandi en banlieue parisienne. Apr\u00e8s un cursus artistique en arts graphiques puis beaux-arts elle se pose en Picardie, dans l\u2019Oise o\u00f9 elle vit depuis 1998. Depuis toujours elle dessine, avec facilit\u00e9, et cela l\u2019accapare compl\u00e8tement. La nature, qui est sa premi\u00e8re source d\u2019inspiration lui donne &#8230; <a title=\"Biographie\" class=\"read-more\" href=\"https:\/\/nadege-dauvergne.art\/blog\/biographie-2\/\" aria-label=\"En savoir plus sur Biographie\">Lire la suite<\/a><\/p>\n","protected":false},"author":1,"featured_media":0,"parent":0,"menu_order":0,"comment_status":"closed","ping_status":"closed","template":"","meta":{"footnotes":""},"class_list":["post-24","page","type-page","status-publish"],"yoast_head":"<!-- This site is optimized with the Yoast SEO plugin v26.7 - https:\/\/yoast.com\/wordpress\/plugins\/seo\/ -->\n<title>Biographie - Nad\u00e8ge Dauvergne<\/title>\n<meta name=\"robots\" content=\"index, follow, max-snippet:-1, max-image-preview:large, max-video-preview:-1\" \/>\n<link rel=\"canonical\" href=\"https:\/\/nadege-dauvergne.art\/blog\/biographie-2\/\" \/>\n<meta property=\"og:locale\" content=\"fr_FR\" \/>\n<meta property=\"og:type\" content=\"article\" \/>\n<meta property=\"og:title\" content=\"Biographie - Nad\u00e8ge Dauvergne\" \/>\n<meta property=\"og:description\" content=\"Nad\u00e8ge Dauvergne est n\u00e9e en 1973, \u00e0 Ouagadougou, puis a grandi en banlieue parisienne. Apr\u00e8s un cursus artistique en arts graphiques puis beaux-arts elle se pose en Picardie, dans l\u2019Oise o\u00f9 elle vit depuis 1998. Depuis toujours elle dessine, avec facilit\u00e9, et cela l\u2019accapare compl\u00e8tement. La nature, qui est sa premi\u00e8re source d\u2019inspiration lui donne ... Lire la suite\" \/>\n<meta property=\"og:url\" content=\"https:\/\/nadege-dauvergne.art\/blog\/biographie-2\/\" \/>\n<meta property=\"og:site_name\" content=\"Nad\u00e8ge Dauvergne\" \/>\n<meta property=\"article:publisher\" content=\"https:\/\/www.facebook.com\/nadege.dauvergne.7\" \/>\n<meta property=\"article:modified_time\" content=\"2025-08-12T08:45:29+00:00\" \/>\n<meta property=\"og:image\" content=\"https:\/\/nadege-dauvergne.art\/blog\/wp-content\/uploads\/2021\/09\/En-2Bpied.jpg\" \/>\n<meta name=\"twitter:card\" content=\"summary_large_image\" \/>\n<meta name=\"twitter:label1\" content=\"Dur\u00e9e de lecture estim\u00e9e\" \/>\n\t<meta name=\"twitter:data1\" content=\"15 minutes\" \/>\n<script type=\"application\/ld+json\" class=\"yoast-schema-graph\">{\"@context\":\"https:\/\/schema.org\",\"@graph\":[{\"@type\":\"WebPage\",\"@id\":\"https:\/\/nadege-dauvergne.art\/blog\/biographie-2\/\",\"url\":\"https:\/\/nadege-dauvergne.art\/blog\/biographie-2\/\",\"name\":\"Biographie - Nad\u00e8ge Dauvergne\",\"isPartOf\":{\"@id\":\"https:\/\/nadege-dauvergne.art\/blog\/#website\"},\"primaryImageOfPage\":{\"@id\":\"https:\/\/nadege-dauvergne.art\/blog\/biographie-2\/#primaryimage\"},\"image\":{\"@id\":\"https:\/\/nadege-dauvergne.art\/blog\/biographie-2\/#primaryimage\"},\"thumbnailUrl\":\"https:\/\/nadege-dauvergne.art\/blog\/wp-content\/uploads\/2021\/09\/En-2Bpied.jpg\",\"datePublished\":\"2022-11-01T16:02:41+00:00\",\"dateModified\":\"2025-08-12T08:45:29+00:00\",\"breadcrumb\":{\"@id\":\"https:\/\/nadege-dauvergne.art\/blog\/biographie-2\/#breadcrumb\"},\"inLanguage\":\"fr-FR\",\"potentialAction\":[{\"@type\":\"ReadAction\",\"target\":[\"https:\/\/nadege-dauvergne.art\/blog\/biographie-2\/\"]}]},{\"@type\":\"ImageObject\",\"inLanguage\":\"fr-FR\",\"@id\":\"https:\/\/nadege-dauvergne.art\/blog\/biographie-2\/#primaryimage\",\"url\":\"https:\/\/nadege-dauvergne.art\/blog\/wp-content\/uploads\/2021\/09\/En-2Bpied.jpg\",\"contentUrl\":\"https:\/\/nadege-dauvergne.art\/blog\/wp-content\/uploads\/2021\/09\/En-2Bpied.jpg\",\"width\":709,\"height\":945},{\"@type\":\"BreadcrumbList\",\"@id\":\"https:\/\/nadege-dauvergne.art\/blog\/biographie-2\/#breadcrumb\",\"itemListElement\":[{\"@type\":\"ListItem\",\"position\":1,\"name\":\"Accueil\",\"item\":\"https:\/\/nadege-dauvergne.art\/blog\/\"},{\"@type\":\"ListItem\",\"position\":2,\"name\":\"Biographie\"}]},{\"@type\":\"WebSite\",\"@id\":\"https:\/\/nadege-dauvergne.art\/blog\/#website\",\"url\":\"https:\/\/nadege-dauvergne.art\/blog\/\",\"name\":\"Nad\u00e8ge Dauvergne\",\"description\":\"\",\"publisher\":{\"@id\":\"https:\/\/nadege-dauvergne.art\/blog\/#\/schema\/person\/6172f2539ba808bfeae86402323f66ea\"},\"potentialAction\":[{\"@type\":\"SearchAction\",\"target\":{\"@type\":\"EntryPoint\",\"urlTemplate\":\"https:\/\/nadege-dauvergne.art\/blog\/?s={search_term_string}\"},\"query-input\":{\"@type\":\"PropertyValueSpecification\",\"valueRequired\":true,\"valueName\":\"search_term_string\"}}],\"inLanguage\":\"fr-FR\"},{\"@type\":[\"Person\",\"Organization\"],\"@id\":\"https:\/\/nadege-dauvergne.art\/blog\/#\/schema\/person\/6172f2539ba808bfeae86402323f66ea\",\"name\":\"Nad\u00e8ge Dauvergne\",\"image\":{\"@type\":\"ImageObject\",\"inLanguage\":\"fr-FR\",\"@id\":\"https:\/\/nadege-dauvergne.art\/blog\/#\/schema\/person\/image\/\",\"url\":\"https:\/\/nadege-dauvergne.art\/blog\/wp-content\/uploads\/2024\/04\/Signature-insta2.jpeg\",\"contentUrl\":\"https:\/\/nadege-dauvergne.art\/blog\/wp-content\/uploads\/2024\/04\/Signature-insta2.jpeg\",\"width\":250,\"height\":250,\"caption\":\"Nad\u00e8ge Dauvergne\"},\"logo\":{\"@id\":\"https:\/\/nadege-dauvergne.art\/blog\/#\/schema\/person\/image\/\"},\"sameAs\":[\"http:\/\/nadege-dauvergne.art\",\"https:\/\/www.facebook.com\/nadege.dauvergne.7\",\"https:\/\/www.instagram.com\/nadegedauvergne\/?hl=fr\",\"https:\/\/fr.wikipedia.org\/wiki\/Nadge_Dauvergne\"]}]}<\/script>\n<!-- \/ Yoast SEO plugin. -->","yoast_head_json":{"title":"Biographie - Nad\u00e8ge Dauvergne","robots":{"index":"index","follow":"follow","max-snippet":"max-snippet:-1","max-image-preview":"max-image-preview:large","max-video-preview":"max-video-preview:-1"},"canonical":"https:\/\/nadege-dauvergne.art\/blog\/biographie-2\/","og_locale":"fr_FR","og_type":"article","og_title":"Biographie - Nad\u00e8ge Dauvergne","og_description":"Nad\u00e8ge Dauvergne est n\u00e9e en 1973, \u00e0 Ouagadougou, puis a grandi en banlieue parisienne. Apr\u00e8s un cursus artistique en arts graphiques puis beaux-arts elle se pose en Picardie, dans l\u2019Oise o\u00f9 elle vit depuis 1998. Depuis toujours elle dessine, avec facilit\u00e9, et cela l\u2019accapare compl\u00e8tement. La nature, qui est sa premi\u00e8re source d\u2019inspiration lui donne ... Lire la suite","og_url":"https:\/\/nadege-dauvergne.art\/blog\/biographie-2\/","og_site_name":"Nad\u00e8ge Dauvergne","article_publisher":"https:\/\/www.facebook.com\/nadege.dauvergne.7","article_modified_time":"2025-08-12T08:45:29+00:00","og_image":[{"url":"https:\/\/nadege-dauvergne.art\/blog\/wp-content\/uploads\/2021\/09\/En-2Bpied.jpg","type":"","width":"","height":""}],"twitter_card":"summary_large_image","twitter_misc":{"Dur\u00e9e de lecture estim\u00e9e":"15 minutes"},"schema":{"@context":"https:\/\/schema.org","@graph":[{"@type":"WebPage","@id":"https:\/\/nadege-dauvergne.art\/blog\/biographie-2\/","url":"https:\/\/nadege-dauvergne.art\/blog\/biographie-2\/","name":"Biographie - Nad\u00e8ge Dauvergne","isPartOf":{"@id":"https:\/\/nadege-dauvergne.art\/blog\/#website"},"primaryImageOfPage":{"@id":"https:\/\/nadege-dauvergne.art\/blog\/biographie-2\/#primaryimage"},"image":{"@id":"https:\/\/nadege-dauvergne.art\/blog\/biographie-2\/#primaryimage"},"thumbnailUrl":"https:\/\/nadege-dauvergne.art\/blog\/wp-content\/uploads\/2021\/09\/En-2Bpied.jpg","datePublished":"2022-11-01T16:02:41+00:00","dateModified":"2025-08-12T08:45:29+00:00","breadcrumb":{"@id":"https:\/\/nadege-dauvergne.art\/blog\/biographie-2\/#breadcrumb"},"inLanguage":"fr-FR","potentialAction":[{"@type":"ReadAction","target":["https:\/\/nadege-dauvergne.art\/blog\/biographie-2\/"]}]},{"@type":"ImageObject","inLanguage":"fr-FR","@id":"https:\/\/nadege-dauvergne.art\/blog\/biographie-2\/#primaryimage","url":"https:\/\/nadege-dauvergne.art\/blog\/wp-content\/uploads\/2021\/09\/En-2Bpied.jpg","contentUrl":"https:\/\/nadege-dauvergne.art\/blog\/wp-content\/uploads\/2021\/09\/En-2Bpied.jpg","width":709,"height":945},{"@type":"BreadcrumbList","@id":"https:\/\/nadege-dauvergne.art\/blog\/biographie-2\/#breadcrumb","itemListElement":[{"@type":"ListItem","position":1,"name":"Accueil","item":"https:\/\/nadege-dauvergne.art\/blog\/"},{"@type":"ListItem","position":2,"name":"Biographie"}]},{"@type":"WebSite","@id":"https:\/\/nadege-dauvergne.art\/blog\/#website","url":"https:\/\/nadege-dauvergne.art\/blog\/","name":"Nad\u00e8ge Dauvergne","description":"","publisher":{"@id":"https:\/\/nadege-dauvergne.art\/blog\/#\/schema\/person\/6172f2539ba808bfeae86402323f66ea"},"potentialAction":[{"@type":"SearchAction","target":{"@type":"EntryPoint","urlTemplate":"https:\/\/nadege-dauvergne.art\/blog\/?s={search_term_string}"},"query-input":{"@type":"PropertyValueSpecification","valueRequired":true,"valueName":"search_term_string"}}],"inLanguage":"fr-FR"},{"@type":["Person","Organization"],"@id":"https:\/\/nadege-dauvergne.art\/blog\/#\/schema\/person\/6172f2539ba808bfeae86402323f66ea","name":"Nad\u00e8ge Dauvergne","image":{"@type":"ImageObject","inLanguage":"fr-FR","@id":"https:\/\/nadege-dauvergne.art\/blog\/#\/schema\/person\/image\/","url":"https:\/\/nadege-dauvergne.art\/blog\/wp-content\/uploads\/2024\/04\/Signature-insta2.jpeg","contentUrl":"https:\/\/nadege-dauvergne.art\/blog\/wp-content\/uploads\/2024\/04\/Signature-insta2.jpeg","width":250,"height":250,"caption":"Nad\u00e8ge Dauvergne"},"logo":{"@id":"https:\/\/nadege-dauvergne.art\/blog\/#\/schema\/person\/image\/"},"sameAs":["http:\/\/nadege-dauvergne.art","https:\/\/www.facebook.com\/nadege.dauvergne.7","https:\/\/www.instagram.com\/nadegedauvergne\/?hl=fr","https:\/\/fr.wikipedia.org\/wiki\/Nadge_Dauvergne"]}]}},"_links":{"self":[{"href":"https:\/\/nadege-dauvergne.art\/blog\/wp-json\/wp\/v2\/pages\/24","targetHints":{"allow":["GET"]}}],"collection":[{"href":"https:\/\/nadege-dauvergne.art\/blog\/wp-json\/wp\/v2\/pages"}],"about":[{"href":"https:\/\/nadege-dauvergne.art\/blog\/wp-json\/wp\/v2\/types\/page"}],"author":[{"embeddable":true,"href":"https:\/\/nadege-dauvergne.art\/blog\/wp-json\/wp\/v2\/users\/1"}],"replies":[{"embeddable":true,"href":"https:\/\/nadege-dauvergne.art\/blog\/wp-json\/wp\/v2\/comments?post=24"}],"version-history":[{"count":36,"href":"https:\/\/nadege-dauvergne.art\/blog\/wp-json\/wp\/v2\/pages\/24\/revisions"}],"predecessor-version":[{"id":2394,"href":"https:\/\/nadege-dauvergne.art\/blog\/wp-json\/wp\/v2\/pages\/24\/revisions\/2394"}],"wp:attachment":[{"href":"https:\/\/nadege-dauvergne.art\/blog\/wp-json\/wp\/v2\/media?parent=24"}],"curies":[{"name":"wp","href":"https:\/\/api.w.org\/{rel}","templated":true}]}}